{"id":17655,"date":"2020-04-21T08:20:38","date_gmt":"2020-04-21T06:20:38","guid":{"rendered":"https:\/\/endev.info\/privacy-policy\/"},"modified":"2025-11-18T11:21:11","modified_gmt":"2025-11-18T10:21:11","slug":"privacy-policy","status":"publish","type":"page","link":"https:\/\/endev.info\/fr\/privacy-policy\/","title":{"rendered":"Politique de confidentialit\u00e9"},"content":{"rendered":"\n<h2 class=\"wp-block-heading\"><\/h2>\n\n\n\n<p>Data processing is the responsibility of the Deutsche Gesellschaft f\u00fcr Internationale Zusammenarbeit (GIZ) GmbH.<\/p>\n\n\n\n<p><strong>Postal adress:<br><\/strong>Friedrich-Ebert-Allee 36 + 40, 53113 Bonn<br>Dag-Hammarskj\u00f6ld-Weg 1\u20135, 65760 Eschborn<\/p>\n\n\n\n<p><strong>Project mail:<\/strong>&nbsp;<a href=\"mailto:endev@giz.de\">endev@giz.de<\/a><\/p>\n\n\n\n<p><strong>Les coordonn\u00e9es du d\u00e9l\u00e9gu\u00e9 \u00e0 la protection des donn\u00e9es:<\/strong>&nbsp;<a href=\"mailto:datenschutzbeauftragter@giz.de\">datenschutzbeauftragter@giz.de<\/a><\/p>\n\n\n\n<h2 class=\"wp-block-heading\">General<\/h2>\n\n\n\n<p>La Deutsche Gesellschaft f\u00fcr Internationale Zusammenarbeit (GIZ) GmbH est une entreprise f\u00e9d\u00e9rale d&rsquo;int\u00e9r\u00eat public pour la coop\u00e9ration internationale. Nous travaillons en tant qu&rsquo;entreprise f\u00e9d\u00e9rale de droit priv\u00e9. Notre but est d&rsquo;atteindre l&rsquo;objectif de la politique de d\u00e9veloppement qui consiste \u00e0 am\u00e9liorer les conditions de vie des populations du monde entier et \u00e0 pr\u00e9server les ressources naturelles dont d\u00e9pendent leurs moyens de subsistance.<\/p>\n\n\n\n<p><\/p>\n\n\n\n<p><\/p>\n\n\n\n<p><\/p>\n\n\n\n<h3 class=\"wp-block-heading\"><\/h3>\n\n\n\n<p><\/p>\n\n\n\n<p><\/p>\n\n\n\n<h2 class=\"wp-block-heading\">Tracking Policy<\/h2>\n\n\n\n<p>This site uses Matomo to analyse user behaviour. Cookies collect information about user behaviour on the site, including the abbreviated IP address of the device being used, and send it to the server. The server anonymises the information and stores it for the purpose of analysing user behaviour. The state of current technology ensures that once information has been anonymised, it can no longer be traced back to the originating device or connection. Information produced by cookies is shared only with the internally operated server. It is never shared or passed on to third parties. Data is processed on the basis of Article 6 (1 f) of the GDPR for the purpose of pursuing the controller\u2019s legitimate interests, in this case to improve the website. You have the right to object to the processing of your user data for the purpose of user behaviour analysis.<\/p>\n\n\n\n<p>If you do not want the data of your visit to be stored and analysed, you may opt-out at any time by clicking the checkbox below.<\/p>\n\n\n\n<h2 class=\"wp-block-heading\">Cookies<\/h2>\n\n\n\n<p>This website uses cookies, i.e. small files containing short texts for technical processing. Without cookies \u2013 in other words, for example, when cookies have been deactivated in the browser \u2013 full use of this website is not possible.<\/p>\n\n\n\n<p><a href=\"javascript:window.Cookiebot &amp;&amp; Cookiebot.renew();\"><strong>Cookie settings<\/strong><\/a><\/p>\n\n\n\n<h2 class=\"wp-block-heading\">Processing of personal data in connection with social network use&nbsp;<\/h2>\n\n\n\n<p>The website invites users to share content on the social networking sites and platforms&nbsp;Twitter,&nbsp;LinkedIn,&nbsp;and&nbsp;Facebook.&nbsp;<\/p>\n\n\n\n<p>These platforms are operated in order to interact with the users that are active on these sites and platforms. By clicking on a social network\u2019s logo, the user is redirected to the respective network.<\/p>\n\n\n\n<p>When users visit the platforms, personal data is collected, used and stored by the operators of the respective social network, but not by GIZ. This is also the case even if the users themselves do not have an account with the respective social network.&nbsp;<\/p>\n\n\n\n<p>The individual data processing operations and their scope differ depending on the operator of the respective social network. GIZ has no influence on the collection of data or its further use by the social network operators. We are not fully aware of the extent to which, where and for how long the data is stored; to what extent the networks comply with existing obligations regarding erasure; what analyses are conducted and links established with the data; and to whom the data is disclosed.<\/p>\n\n\n\n<h2 class=\"wp-block-heading\">Recipients of personal data<\/h2>\n\n\n\n<ul class=\"wp-block-list\">\n<li>Data are not passed on to third parties.<\/li>\n\n\n\n<li>As a general principle, data will not be transmitted to third states.<\/li>\n<\/ul>\n\n\n\n<h2 class=\"wp-block-heading\">Duration of data retention<\/h2>\n\n\n\n<p>Personal data are regularly deleted<\/p>\n\n\n\n<ul class=\"wp-block-list\">\n<li>&nbsp;&nbsp;&nbsp; when the individuals concerned have not given any separate authorisation<\/li>\n\n\n\n<li>&nbsp;&nbsp;&nbsp; when statutory data storage obligations and periods have expired.<\/li>\n<\/ul>\n\n\n\n<h2 class=\"wp-block-heading\">Reference to user rights<\/h2>\n\n\n\n<p>You are entitled to:<\/p>\n\n\n\n<ul class=\"wp-block-list\">\n<li>&nbsp;to object to data processing,<\/li>\n\n\n\n<li>&nbsp;enquire about your personal data and its processing<\/li>\n\n\n\n<li>&nbsp;to have this corrected if necessary, or to request restriction of processing or the erasure of the data<\/li>\n<\/ul>\n\n\n\n<p>The data will then be erased.<\/p>\n\n\n\n<p>If you have any questions or complaints about this website, please contact the GIZ data protection officer (see contact information provided above). You also have the right to lodge a complaint with the responsible data protection supervisory authority. The responsible authority in this case is the <a href=\"https:\/\/www.bfdi.bund.de\/DE\/Home\/home_node.html\" target=\"_blank\" rel=\"noreferrer noopener\">German Federal Commissioner for Data Protection and Freedom of Information (BfDI)<\/a>.<\/p>\n\n\n\n<p><\/p>\n\n\n\n<h5 class=\"wp-block-heading\">From: December 2020<\/h5>\n","protected":false},"excerpt":{"rendered":"<p>Data processing is the responsibility of the Deutsche Gesellschaft f\u00fcr Internationale Zusammenarbeit (GIZ) GmbH. Postal adress:Friedrich-Ebert-Allee 36 + 40, 53113 BonnDag-Hammarskj\u00f6ld-Weg 1\u20135, 65760 Eschborn Project mail:&nbsp;endev@giz.de Les coordonn\u00e9es du d\u00e9l\u00e9gu\u00e9 &#8230;<\/p>\n","protected":false},"author":28,"featured_media":0,"parent":0,"menu_order":0,"comment_status":"closed","ping_status":"closed","template":"","meta":{"_acf_changed":false,"footnotes":""},"class_list":["post-17655","page","type-page","status-publish","hentry"],"acf":[],"yoast_head":"<!-- This site is optimized with the Yoast SEO plugin v27.1.1 - https:\/\/yoast.com\/product\/yoast-seo-wordpress\/ -->\n<title>Politique de confidentialit\u00e9 - EnDev<\/title>\n<meta name=\"description\" content=\"Data processing is the responsibility of the Deutsche Gesellschaft f\u00fcr Internationale Zusammenarbeit (GIZ) GmbH.\" \/>\n<meta name=\"robots\" content=\"index, follow, max-snippet:-1, max-image-preview:large, max-video-preview:-1\" \/>\n<link rel=\"canonical\" href=\"https:\/\/endev.info\/fr\/privacy-policy\/\" \/>\n<meta property=\"og:locale\" content=\"fr_FR\" \/>\n<meta property=\"og:type\" content=\"article\" \/>\n<meta property=\"og:title\" content=\"Politique de confidentialit\u00e9 - EnDev\" \/>\n<meta property=\"og:description\" content=\"Data processing is the responsibility of the Deutsche Gesellschaft f\u00fcr Internationale Zusammenarbeit (GIZ) GmbH.\" \/>\n<meta property=\"og:url\" content=\"https:\/\/endev.info\/fr\/privacy-policy\/\" \/>\n<meta property=\"og:site_name\" content=\"EnDev\" \/>\n<meta property=\"article:modified_time\" content=\"2025-11-18T10:21:11+00:00\" \/>\n<meta name=\"twitter:card\" content=\"summary_large_image\" \/>\n<meta name=\"twitter:label1\" content=\"Dur\u00e9e de lecture estim\u00e9e\" \/>\n\t<meta name=\"twitter:data1\" content=\"3 minutes\" \/>\n<script type=\"application\/ld+json\" class=\"yoast-schema-graph\">{\"@context\":\"https:\/\/schema.org\",\"@graph\":[{\"@type\":\"WebPage\",\"@id\":\"https:\/\/endev.info\/fr\/privacy-policy\/\",\"url\":\"https:\/\/endev.info\/fr\/privacy-policy\/\",\"name\":\"Politique de confidentialit\u00e9 - EnDev\",\"isPartOf\":{\"@id\":\"https:\/\/endev.info\/#website\"},\"datePublished\":\"2020-04-21T06:20:38+00:00\",\"dateModified\":\"2025-11-18T10:21:11+00:00\",\"description\":\"Data processing is the responsibility of the Deutsche Gesellschaft f\u00fcr Internationale Zusammenarbeit (GIZ) GmbH.\",\"breadcrumb\":{\"@id\":\"https:\/\/endev.info\/fr\/privacy-policy\/#breadcrumb\"},\"inLanguage\":\"fr-FR\",\"potentialAction\":[{\"@type\":\"ReadAction\",\"target\":[\"https:\/\/endev.info\/fr\/privacy-policy\/\"]}]},{\"@type\":\"BreadcrumbList\",\"@id\":\"https:\/\/endev.info\/fr\/privacy-policy\/#breadcrumb\",\"itemListElement\":[{\"@type\":\"ListItem\",\"position\":1,\"name\":\"Home\",\"item\":\"https:\/\/endev.info\/fr\/\"},{\"@type\":\"ListItem\",\"position\":2,\"name\":\"Politique de confidentialit\u00e9\"}]},{\"@type\":\"WebSite\",\"@id\":\"https:\/\/endev.info\/#website\",\"url\":\"https:\/\/endev.info\/\",\"name\":\"EnDev\",\"description\":\"\",\"potentialAction\":[{\"@type\":\"SearchAction\",\"target\":{\"@type\":\"EntryPoint\",\"urlTemplate\":\"https:\/\/endev.info\/?s={search_term_string}\"},\"query-input\":{\"@type\":\"PropertyValueSpecification\",\"valueRequired\":true,\"valueName\":\"search_term_string\"}}],\"inLanguage\":\"fr-FR\"}]}<\/script>\n<!-- \/ Yoast SEO plugin. -->","yoast_head_json":{"title":"Politique de confidentialit\u00e9 - EnDev","description":"Data processing is the responsibility of the Deutsche Gesellschaft f\u00fcr Internationale Zusammenarbeit (GIZ) GmbH.","robots":{"index":"index","follow":"follow","max-snippet":"max-snippet:-1","max-image-preview":"max-image-preview:large","max-video-preview":"max-video-preview:-1"},"canonical":"https:\/\/endev.info\/fr\/privacy-policy\/","og_locale":"fr_FR","og_type":"article","og_title":"Politique de confidentialit\u00e9 - EnDev","og_description":"Data processing is the responsibility of the Deutsche Gesellschaft f\u00fcr Internationale Zusammenarbeit (GIZ) GmbH.","og_url":"https:\/\/endev.info\/fr\/privacy-policy\/","og_site_name":"EnDev","article_modified_time":"2025-11-18T10:21:11+00:00","twitter_card":"summary_large_image","twitter_misc":{"Dur\u00e9e de lecture estim\u00e9e":"3 minutes"},"schema":{"@context":"https:\/\/schema.org","@graph":[{"@type":"WebPage","@id":"https:\/\/endev.info\/fr\/privacy-policy\/","url":"https:\/\/endev.info\/fr\/privacy-policy\/","name":"Politique de confidentialit\u00e9 - EnDev","isPartOf":{"@id":"https:\/\/endev.info\/#website"},"datePublished":"2020-04-21T06:20:38+00:00","dateModified":"2025-11-18T10:21:11+00:00","description":"Data processing is the responsibility of the Deutsche Gesellschaft f\u00fcr Internationale Zusammenarbeit (GIZ) GmbH.","breadcrumb":{"@id":"https:\/\/endev.info\/fr\/privacy-policy\/#breadcrumb"},"inLanguage":"fr-FR","potentialAction":[{"@type":"ReadAction","target":["https:\/\/endev.info\/fr\/privacy-policy\/"]}]},{"@type":"BreadcrumbList","@id":"https:\/\/endev.info\/fr\/privacy-policy\/#breadcrumb","itemListElement":[{"@type":"ListItem","position":1,"name":"Home","item":"https:\/\/endev.info\/fr\/"},{"@type":"ListItem","position":2,"name":"Politique de confidentialit\u00e9"}]},{"@type":"WebSite","@id":"https:\/\/endev.info\/#website","url":"https:\/\/endev.info\/","name":"EnDev","description":"","potentialAction":[{"@type":"SearchAction","target":{"@type":"EntryPoint","urlTemplate":"https:\/\/endev.info\/?s={search_term_string}"},"query-input":{"@type":"PropertyValueSpecification","valueRequired":true,"valueName":"search_term_string"}}],"inLanguage":"fr-FR"}]}},"_links":{"self":[{"href":"https:\/\/endev.info\/fr\/wp-json\/wp\/v2\/pages\/17655","targetHints":{"allow":["GET"]}}],"collection":[{"href":"https:\/\/endev.info\/fr\/wp-json\/wp\/v2\/pages"}],"about":[{"href":"https:\/\/endev.info\/fr\/wp-json\/wp\/v2\/types\/page"}],"author":[{"embeddable":true,"href":"https:\/\/endev.info\/fr\/wp-json\/wp\/v2\/users\/28"}],"replies":[{"embeddable":true,"href":"https:\/\/endev.info\/fr\/wp-json\/wp\/v2\/comments?post=17655"}],"version-history":[{"count":3,"href":"https:\/\/endev.info\/fr\/wp-json\/wp\/v2\/pages\/17655\/revisions"}],"predecessor-version":[{"id":21121,"href":"https:\/\/endev.info\/fr\/wp-json\/wp\/v2\/pages\/17655\/revisions\/21121"}],"wp:attachment":[{"href":"https:\/\/endev.info\/fr\/wp-json\/wp\/v2\/media?parent=17655"}],"curies":[{"name":"wp","href":"https:\/\/api.w.org\/{rel}","templated":true}]}}