{"id":17585,"date":"2023-10-15T11:20:53","date_gmt":"2023-10-15T09:20:53","guid":{"rendered":"https:\/\/endev.info\/home\/"},"modified":"2024-12-02T12:33:11","modified_gmt":"2024-12-02T11:33:11","slug":"home","status":"publish","type":"page","link":"https:\/\/endev.info\/fr\/","title":{"rendered":"Energising Development"},"content":{"rendered":"\n<figure class=\"wp-block-image size-full is-resized\"><img fetchpriority=\"high\" decoding=\"async\" width=\"2048\" height=\"1151\" src=\"https:\/\/endev.info\/wp-content\/uploads\/2024\/08\/neues-bild.png\" alt=\"\" class=\"wp-image-17527\" style=\"width:2600px\" srcset=\"https:\/\/endev.info\/wp-content\/uploads\/2024\/08\/neues-bild.png 2048w, https:\/\/endev.info\/wp-content\/uploads\/2024\/08\/neues-bild-300x169.png 300w, https:\/\/endev.info\/wp-content\/uploads\/2024\/08\/neues-bild-1024x576.png 1024w, https:\/\/endev.info\/wp-content\/uploads\/2024\/08\/neues-bild-768x432.png 768w, https:\/\/endev.info\/wp-content\/uploads\/2024\/08\/neues-bild-1536x863.png 1536w\" sizes=\"(max-width: 2048px) 100vw, 2048px\" \/><\/figure>\n\n\n\t\n<section class=\"section section--background section--align-full section--no-padding\">\n\t<div class=\"ray-background ray-background--blue-green ray-background--right\">\n\t\t<div class=\"ray-background__ray\">\n\t\t\t\n\n\n<div data-module=\"rayAnimation\"\n\tdata-config='{\n\t\t\"animation\": \"DataDoubleLeft\",\n\t\t\"name\": \"ray-animation-1515162239\",\n\t\t\"onScroll\": 1\n\t}'\n>\n\t<div class=\"ray-animation ray-animation--color-blue-green\">\n\t\t\t<\/div>\n<\/div>\n\t\t<\/div>\n\t\t<div class=\"container\">\n\t\t\t<div class=\"ray-background__content\">\n\t\t\t\t<h2>Energising Development (EnDev)<\/h2>\n<p>EnDev est un partenariat strat\u00e9gique de donateurs et de partenaires partageant les m\u00eames id\u00e9es pour soutenir l&rsquo;acc\u00e8s \u00e0 l&rsquo;\u00e9nergie moderne. L&rsquo;acc\u00e8s \u00e0 l&rsquo;\u00e9nergie moderne est une condition pr\u00e9alable au d\u00e9veloppement social et \u00e9conomique. EnDev travaille dans une vingtaine de pays \u00e0 travers le monde.<\/p>\n\n\n\t\t\t\t\t\t\t<\/div>\n\t\t<\/div>\n\t<\/div>\n<\/section>\n\n\n\n<h2 class=\"wp-block-heading\">Portfolio<\/h2>\n\n\n\n<p>EnDev travaille dans une vingtaine de pays d\u2019Afrique et d\u2019Asie. C\u2019est l\u00e0 que les besoins en mati\u00e8re d\u2019acc\u00e8s \u00e0 l\u2019\u00e9nergie sont les plus importants. D\u00e9couvrez comment EnDev s\u2019efforce de combler le foss\u00e9 de l\u2019acc\u00e8s \u00e0 l\u2019\u00e9nergie.<\/p>\n\n\n<section class=\"section section--align-center section--no-top section--no-bottom section--no-padding\">\n\t\t\t<div class=\"entry-content\">\n\t\t\t\t<p>\n\t\t\t\t\t\t\t\t\t\t\t\t\t<a class=\"btn btn--quartery\" href=\"https:\/\/endev.akryldev.de\/portfolio\" target=\"_blank\" rel=\"noopener\">Voir le portfolio (en anglais)<\/a>\n\t\t<\/p>\n\t\t\t\t<\/div>\n\t<\/section>\n\n\n\n<figure class=\"wp-block-image size-full is-resized\"><img decoding=\"async\" src=\"https:\/\/endev.info\/wp-content\/uploads\/2024\/09\/240904_EnDew_WEB_Weltkarte_AfrikaAsien.svg\" alt=\"\" class=\"wp-image-17642\" style=\"width:2600px\"\/><\/figure>\n\n\n\n<section class=\"section section--background section--blue-green section--align-full\" id=\"monitoring\">\n\t<div class=\"container\">\n\t\t<div class=\"entry-content\">\n\t\t\t<h2><\/h2>\n\t\t\t<br>\n\t\t\t<div>\n\t\t\t\t<h2>Vision et mission<\/h2>\n<p>La vision d&rsquo;EnDev est que tout le monde ait acc\u00e8s \u00e0 une \u00e9nergie abordable, fiable, durable et moderne en 2030. EnDev d\u00e9veloppe et renforce les march\u00e9s locaux de services et de produits \u00e9nerg\u00e9tiques modernes \u00e0 grande \u00e9chelle, en particulier pour les pauvres, en veillant \u00e0 ce que personne ne soit laiss\u00e9 pour compte.<\/p>\n\n\t\t\t<\/div>\n\t\t\t\n\n\t\t\t\t\t<\/div>\n\t<\/div>\n<\/section>\n\n\n\n<div class=\"container\"><div class=\"block\"><div class=\"block__header\"><h2 class=\"element-header\">R\u00e9sultats<\/h2><\/div><div class=\"block__content\"><ul class=\"usp-list\"><li class=\"usp-list__item\"><div class=\"teaser-usp\"><div class=\"teaser-usp__inner\"><div class=\"teaser-usp__icon\"><span class=\"icon icon-People\" aria-hidden=\"true\"><\/span><\/div><div class=\"teaser-usp__content\"><h3 class=\"teaser-usp__title\">31,600,000 personnes<\/h3><div class=\"teaser-usp__text\">ont acc\u00e8s \u00e0 des services \u00e9nerg\u00e9tiques modernes<\/div><\/div><\/div><\/div><\/li><li class=\"usp-list__item\"><div class=\"teaser-usp\"><div class=\"teaser-usp__inner\"><div class=\"teaser-usp__icon\"><span class=\"icon icon-Productive_use_of_energy\" aria-hidden=\"true\"><\/span><\/div><div class=\"teaser-usp__content\"><h3 class=\"teaser-usp__title\">102,820 micro, petites et moyennes entreprises<\/h3><div class=\"teaser-usp__text\">d\u00e9veloppent leurs activit\u00e9s gr\u00e2ce \u00e0 l\u2019utilisation productive de l\u2019\u00e9nergie<\/div><\/div><\/div><\/div><\/li><li class=\"usp-list__item\"><div class=\"teaser-usp\"><div class=\"teaser-usp__inner\"><div class=\"teaser-usp__icon\"><span class=\"icon icon-Social_infrastructure\" aria-hidden=\"true\"><\/span><\/div><div class=\"teaser-usp__content\"><h3 class=\"teaser-usp__title\">33,940 institutions sociales<\/h3><div class=\"teaser-usp__text\">dont 18 970 \u00e9coles et 2 180 centres de sant\u00e9 sont soutenues avec une forme moderne d\u2019\u00e9nergie<\/div><\/div><\/div><\/div><\/li><li class=\"usp-list__item\"><div class=\"teaser-usp\"><div class=\"teaser-usp__inner\"><div class=\"teaser-usp__icon\"><span class=\"icon icon-Job_creation\" aria-hidden=\"true\"><\/span><\/div><div class=\"teaser-usp__content\"><h3 class=\"teaser-usp__title\">32,610 emplois<\/h3><div class=\"teaser-usp__text\">sont cr\u00e9\u00e9s gr\u00e2ce au soutien d\u2019EnDev<\/div><\/div><\/div><\/div><\/li><\/ul><\/div><\/div><\/div>\n\n\n\n<h2 class=\"wp-block-heading\">T\u00e9l\u00e9chargements<\/h2>\n\n\n\t\n\n\n<p>EnDev s\u2019engage \u00e0 partager son exp\u00e9rience. Des rapports, des produits d\u2019apprentissage, des fiches d\u2019information et des plans annuels peuvent \u00eatre t\u00e9l\u00e9charg\u00e9s.<\/p>\n\n\n\t<section class=\"section section--align-full\">\n\t<div class=\"container\">\n\t\t<div class=\"block\">\n\t\t\t<div class=\"block__content\">\n\t\t\t\t<ul class=\"row row--spacing\">\n\t\t\t\t\t\t\t\t\t\t\t<li class=\"col-12 col-sm-6 col-md-4\">\n\t\t\t\t\t\t\t<div class=\"teaser\">\n\t<div class=\"teaser__thumbnail\">\n\t\t\t\t\t<picture>\n\t\t\t\t<source srcset=\"https:\/\/endev.info\/wp-content\/uploads\/2024\/08\/Strategie-2019-2025_cover-300x204.png\" media=\"(max-width: 989px)\"\/>\n\t\t\t\t<source srcset=\"https:\/\/endev.info\/wp-content\/uploads\/2024\/08\/Strategie-2019-2025_cover-1024x696.png\" media=\"(min-width: 990px)\"\/>\n\t\t\t\t<img class=\"teaser__image lazyload\" src='https:\/\/endev.info\/wp-content\/uploads\/2024\/08\/Strategie-2019-2025_cover-1024x696.png' alt=\"\" loading=\"lazy\"\/>\n\t\t\t<\/picture>\n\t\t\t<\/div>\n\n\t<div class=\"teaser__content\">\n\t\t\n\t\t<div class=\"teaser__title\">\n\t\t\tEnDev Strat\u00e9gie 2019-2025\n\t\t<\/div>\n\n\t\t\t\t\t<div class=\"teaser__excerpt\">\n\t\t\t\tCe document contient la strat\u00e9gie et les principales caract\u00e9ristiques du partenariat 2019-2025.\n\t\t\t<\/div>\n\t\t\n\t\t<div class=\"teaser__read-more\">\n\t\t\t<a class=\"btn btn--secondary\" target=\"_blank\" href=\"\/wp-content\/uploads\/2024\/08\/EnDev_Strategy_2019-2025_FR.pdf\" aria-label=\"Read more about EnDev Strat\u00e9gie 2019-2025\">\n\t\t\t\t\t\t\t\t\tLire la suite \t\t\t\t\t\t\t<\/a>\n\n\t\t\t\t\t<\/div>\n\t<\/div>\n<\/div>\n\t\t\t\t\t\t<\/li>\n\t\t\t\t\t\t\t\t\t\t\t<li class=\"col-12 col-sm-6 col-md-4\">\n\t\t\t\t\t\t\t<div class=\"teaser\">\n\t<div class=\"teaser__thumbnail\">\n\t\t\t\t\t<picture>\n\t\t\t\t<source srcset=\"https:\/\/endev.info\/wp-content\/uploads\/2023\/08\/Bildschirmfoto-2023-08-02-um-12.03.16-300x212.png\" media=\"(max-width: 989px)\"\/>\n\t\t\t\t<source srcset=\"https:\/\/endev.info\/wp-content\/uploads\/2023\/08\/Bildschirmfoto-2023-08-02-um-12.03.16-1024x725.png\" media=\"(min-width: 990px)\"\/>\n\t\t\t\t<img class=\"teaser__image lazyload\" src='https:\/\/endev.info\/wp-content\/uploads\/2023\/08\/Bildschirmfoto-2023-08-02-um-12.03.16-1024x725.png' alt=\"\" loading=\"lazy\"\/>\n\t\t\t<\/picture>\n\t\t\t<\/div>\n\n\t<div class=\"teaser__content\">\n\t\t\n\t\t<div class=\"teaser__title\">\n\t\t\tStrat\u00e9gie genre d&rsquo;EnDev\n\t\t<\/div>\n\n\t\t\t\t\t<div class=\"teaser__excerpt\">\n\t\t\t\tCe document expose les ambitions d&rsquo;EnDev en mati\u00e8re d&rsquo;\u00e9galit\u00e9 des sexes et fournit un cadre global pour soutenir sa mise en \u0153uvre efficace.\n\t\t\t<\/div>\n\t\t\n\t\t<div class=\"teaser__read-more\">\n\t\t\t<a class=\"btn btn--secondary\" target=\"_blank\" href=\"https:\/\/endev.akryldev.de\/wp-content\/uploads\/2023\/03\/EnDev_Strategie_genre_FR.pdf\" aria-label=\"Read more about Strat\u00e9gie genre d&#039;EnDev\">\n\t\t\t\t\t\t\t\t\tLire la suite \t\t\t\t\t\t\t<\/a>\n\n\t\t\t\t\t<\/div>\n\t<\/div>\n<\/div>\n\t\t\t\t\t\t<\/li>\n\t\t\t\t\t\t\t\t\t\t\t<li class=\"col-12 col-sm-6 col-md-4\">\n\t\t\t\t\t\t\t<div class=\"teaser\">\n\t<div class=\"teaser__thumbnail\">\n\t\t\t\t\t<picture>\n\t\t\t\t<source srcset=\"https:\/\/endev.info\/wp-content\/uploads\/2023\/08\/Bildschirmfoto-2023-08-02-um-12.03.05-300x213.png\" media=\"(max-width: 989px)\"\/>\n\t\t\t\t<source srcset=\"https:\/\/endev.info\/wp-content\/uploads\/2023\/08\/Bildschirmfoto-2023-08-02-um-12.03.05-1024x726.png\" media=\"(min-width: 990px)\"\/>\n\t\t\t\t<img class=\"teaser__image lazyload\" src='https:\/\/endev.info\/wp-content\/uploads\/2023\/08\/Bildschirmfoto-2023-08-02-um-12.03.05-1024x726.png' alt=\"\" loading=\"lazy\"\/>\n\t\t\t<\/picture>\n\t\t\t<\/div>\n\n\t<div class=\"teaser__content\">\n\t\t\n\t\t<div class=\"teaser__title\">\n\t\t\tGender Directives op\u00e9rationelles\n\t\t<\/div>\n\n\t\t\t\t\t<div class=\"teaser__excerpt\">\n\t\t\t\tCe document expose les ambitions d&rsquo;EnDev en mati\u00e8re d&rsquo;\u00e9galit\u00e9 des sexes et fournit un cadre global pour soutenir sa mise en \u0153uvre efficace.\n\t\t\t<\/div>\n\t\t\n\t\t<div class=\"teaser__read-more\">\n\t\t\t<a class=\"btn btn--secondary\" target=\"_blank\" href=\"https:\/\/endev.akryldev.de\/wp-content\/uploads\/2023\/03\/EnDev_Gender_Directives_operationnelles_FR.pdf\" aria-label=\"Read more about Gender Directives op\u00e9rationelles\">\n\t\t\t\t\t\t\t\t\tLire la suite \t\t\t\t\t\t\t<\/a>\n\n\t\t\t\t\t<\/div>\n\t<\/div>\n<\/div>\n\t\t\t\t\t\t<\/li>\n\t\t\t\t\t\t\t\t\t<\/ul>\n\t\t\t<\/div>\n\t\t<\/div>\n\t<\/div>\n<\/section>\n\n\n\t\t\t<section class=\"section section--align-full\">\n\t\t<div class=\"container\">\n\t\t\t<div class=\"block\">\n\t\t\t\t<div class=\"block__header\">\n\t\t\t\t\t\t\t\t\t\t\t<h2 class=\"block__title\">Appels \u00e0 manifestation d&rsquo;int\u00e9r\u00eat<\/h2>\n\t\t\t\t\t\n\t\t\t\t\t<div class=\"block__more-link block__more-link--top\">\n\t\t\t\t\t\t\t\t\t\t\t\t\t<a class=\"btn btn--secondary\" href=\"https:\/\/endev.info\/fr\/calls\/\">Plus d&#039;appels<\/a>\n\t\t\t\t\t\t\t\t\t\t\t<\/div>\n\t\t\t\t<\/div>\n\n\t\t\t\t<div class=\"block__content\">\n\t\t\t\t\t<ul class=\"row row--spacing\">\n\t\t\t\t\t\t\t\t\t\t\t\t\t<li class=\"col-12 col-lg-6\">\n\t\t\t\t\t\t\t\t\t\t\t\t\t\t\t<div class=\"teaser-post\">\n\t<div class=\"teaser-post__thumbnail\">\n\t\t\t\t\t<picture>\n\t\t\t\t<source srcset=\"\" media=\"(max-width: 989px)\"\/>\n\t\t\t\t<source srcset=\"\" media=\"(min-width: 990px)\"\/>\n\t\t\t\t<img class=\"teaser-post__image lazyload\"src='https:\/\/endev.info\/wp-content\/uploads\/2024\/05\/2023-05-22_Moz_Vilankulos_Household-with-solar-system_GIZ_Gervasio-Mavengue-scaled-e1716915226399-1024x560.jpg' alt=\"\" loading=\"lazy\"\/>\n\t\t\t<\/picture>\n\t\t\t\t<\/div>\n\n\t<div class=\"teaser-post__content\">\n\t\t<div class=\"teaser__label\" style=\"background-color: #24d4ff; border: 2px solid #24d4ff\">\n\t\t\tCall\n\t\t<\/div>\n\n\t\t<div class=\"teaser-post__title\">\n\t\t\t<a href=\"https:\/\/endev.info\/fr\/calls\/appel-a-manifestation-dinteret-entreprises-solaires-au-niger\/\" class=\"teaser-post__link\">\n\t\t\t\tAppel \u00e0 manifestation d\u00b4int\u00e9r\u00eat \u00e0 des services de &#8230;\n\t\t\t<\/a>\n\t\t<\/div>\n\n\t\t\t\t\t<div class=\"teaser-post__excerpt\">\n\t\t\t\t<p>EnDev Niger invite les entreprises solaires \u00e0 postuler.<\/p>\n\n\t\t\t<\/div>\n\t\t\t<\/div>\n<\/div>\t\t\t\t\t\t\t\t\t\t\t\t\t\t<\/li>\n\t\t\t\t\t\t\t\t\t\t\t\t\t<li class=\"col-12 col-lg-6\">\n\t\t\t\t\t\t\t\t\t\t\t\t\t\t\t<div class=\"teaser-post\">\n\t<div class=\"teaser-post__thumbnail\">\n\t\t\t\t\t<picture>\n\t\t\t\t<source srcset=\"\" media=\"(max-width: 989px)\"\/>\n\t\t\t\t<source srcset=\"\" media=\"(min-width: 990px)\"\/>\n\t\t\t\t<img class=\"teaser-post__image lazyload\"src='https:\/\/endev.info\/wp-content\/uploads\/2021\/02\/EnDev-Benin-Stove-Picture2-e1614155758306.jpg' alt=\"\" loading=\"lazy\"\/>\n\t\t\t<\/picture>\n\t\t\t\t<\/div>\n\n\t<div class=\"teaser-post__content\">\n\t\t<div class=\"teaser__label\" style=\"background-color: #24d4ff; border: 2px solid #24d4ff\">\n\t\t\tCall\n\t\t<\/div>\n\n\t\t<div class=\"teaser-post__title\">\n\t\t\t<a href=\"https:\/\/endev.info\/fr\/calls\/appel-a-manifestation-dinteret-composante-energie-de-cuisson-en-benin\/\" class=\"teaser-post__link\">\n\t\t\t\tAppel \u00e0 manifestation d\u2019int\u00e9r\u00eat:  RBF en B\u00e9nin\n\t\t\t<\/a>\n\t\t<\/div>\n\n\t\t\t\t\t<div class=\"teaser-post__excerpt\">\n\t\t\t\t<p>Solar component EnDev Benin promotes private investment in the off-grid energy sector with the aim of increasing access to electricity among Benin&rsquo;s rural population. Since 2014, support has been constantly &#8230;<\/p>\n\n\t\t\t<\/div>\n\t\t\t<\/div>\n<\/div>\t\t\t\t\t\t\t\t\t\t\t\t\t\t<\/li>\n\t\t\t\t\t\t\t\t\t\t\t<\/ul>\n\t\t\t\t<\/div>\n\n\t\t\t\t<div class=\"block__more-link block__more-link--bottom\">\n\t\t\t\t\t<a class=\"btn btn--secondary\" href=\"https:\/\/endev.info\/fr\/calls\/\">More calls<\/a>\n\t\t\t\t<\/div>\n\t\t\t<\/div>\n\t\t<\/div>\n\t<\/section>\n","protected":false},"excerpt":{"rendered":"<p>Portfolio EnDev travaille dans une vingtaine de pays d\u2019Afrique et d\u2019Asie. C\u2019est l\u00e0 que les besoins en mati\u00e8re d\u2019acc\u00e8s \u00e0 l\u2019\u00e9nergie sont les plus importants. D\u00e9couvrez comment EnDev s\u2019efforce de &#8230;<\/p>\n","protected":false},"author":3,"featured_media":17381,"parent":0,"menu_order":0,"comment_status":"closed","ping_status":"closed","template":"","meta":{"_acf_changed":false,"footnotes":"","_links_to":"","_links_to_target":""},"class_list":["post-17585","page","type-page","status-publish","has-post-thumbnail","hentry"],"acf":[],"yoast_head":"<!-- This site is optimized with the Yoast SEO plugin v27.1.1 - https:\/\/yoast.com\/product\/yoast-seo-wordpress\/ -->\n<title>Energising Development - EnDev<\/title>\n<meta name=\"description\" content=\"EnDev is a strategic partnership that supports access to modern energy services. Likeminded donors, partners, and individuals work together.\" \/>\n<meta name=\"robots\" content=\"index, follow, max-snippet:-1, max-image-preview:large, max-video-preview:-1\" \/>\n<link rel=\"canonical\" href=\"https:\/\/endev.info\/fr\/\" \/>\n<meta property=\"og:locale\" content=\"fr_FR\" \/>\n<meta property=\"og:type\" content=\"article\" \/>\n<meta property=\"og:title\" content=\"Energising Development - EnDev\" \/>\n<meta property=\"og:description\" content=\"EnDev is a strategic partnership that supports access to modern energy services. Likeminded donors, partners, and individuals work together.\" \/>\n<meta property=\"og:url\" content=\"https:\/\/endev.info\/fr\/\" \/>\n<meta property=\"og:site_name\" content=\"EnDev\" \/>\n<meta property=\"article:modified_time\" content=\"2024-12-02T11:33:11+00:00\" \/>\n<meta property=\"og:image\" content=\"https:\/\/endev.info\/wp-content\/uploads\/2020\/07\/GIZ_Dawit-Dagnew_Ethiopia_2016_PicoPV_HH_SNNPR-scaled.jpg\" \/>\n\t<meta property=\"og:image:width\" content=\"2560\" \/>\n\t<meta property=\"og:image:height\" content=\"1707\" \/>\n\t<meta property=\"og:image:type\" content=\"image\/jpeg\" \/>\n<meta name=\"twitter:card\" content=\"summary_large_image\" \/>\n<meta name=\"twitter:image\" content=\"https:\/\/endev.info\/wp-content\/uploads\/2020\/07\/GIZ_Dawit-Dagnew_Ethiopia_2016_PicoPV_HH_SNNPR-scaled.jpg\" \/>\n<meta name=\"twitter:label1\" content=\"Dur\u00e9e de lecture estim\u00e9e\" \/>\n\t<meta name=\"twitter:data1\" content=\"2 minutes\" \/>\n<script type=\"application\/ld+json\" class=\"yoast-schema-graph\">{\"@context\":\"https:\/\/schema.org\",\"@graph\":[{\"@type\":\"WebPage\",\"@id\":\"https:\/\/endev.info\/fr\/\",\"url\":\"https:\/\/endev.info\/fr\/\",\"name\":\"Energising Development - EnDev\",\"isPartOf\":{\"@id\":\"https:\/\/endev.info\/#website\"},\"primaryImageOfPage\":{\"@id\":\"https:\/\/endev.info\/fr\/#primaryimage\"},\"image\":{\"@id\":\"https:\/\/endev.info\/fr\/#primaryimage\"},\"thumbnailUrl\":\"https:\/\/endev.info\/wp-content\/uploads\/2024\/08\/Bild2.jpg\",\"datePublished\":\"2023-10-15T09:20:53+00:00\",\"dateModified\":\"2024-12-02T11:33:11+00:00\",\"description\":\"EnDev is a strategic partnership that supports access to modern energy services. Likeminded donors, partners, and individuals work together.\",\"breadcrumb\":{\"@id\":\"https:\/\/endev.info\/fr\/#breadcrumb\"},\"inLanguage\":\"fr-FR\",\"potentialAction\":[{\"@type\":\"ReadAction\",\"target\":[\"https:\/\/endev.info\/fr\/\"]}]},{\"@type\":\"ImageObject\",\"inLanguage\":\"fr-FR\",\"@id\":\"https:\/\/endev.info\/fr\/#primaryimage\",\"url\":\"https:\/\/endev.info\/wp-content\/uploads\/2024\/08\/Bild2.jpg\",\"contentUrl\":\"https:\/\/endev.info\/wp-content\/uploads\/2024\/08\/Bild2.jpg\",\"width\":1379,\"height\":918},{\"@type\":\"BreadcrumbList\",\"@id\":\"https:\/\/endev.info\/fr\/#breadcrumb\",\"itemListElement\":[{\"@type\":\"ListItem\",\"position\":1,\"name\":\"Home\",\"item\":\"https:\/\/endev.info\/fr\/\"},{\"@type\":\"ListItem\",\"position\":2,\"name\":\"Energising Development\"}]},{\"@type\":\"WebSite\",\"@id\":\"https:\/\/endev.info\/#website\",\"url\":\"https:\/\/endev.info\/\",\"name\":\"EnDev\",\"description\":\"\",\"potentialAction\":[{\"@type\":\"SearchAction\",\"target\":{\"@type\":\"EntryPoint\",\"urlTemplate\":\"https:\/\/endev.info\/?s={search_term_string}\"},\"query-input\":{\"@type\":\"PropertyValueSpecification\",\"valueRequired\":true,\"valueName\":\"search_term_string\"}}],\"inLanguage\":\"fr-FR\"}]}<\/script>\n<!-- \/ Yoast SEO plugin. -->","yoast_head_json":{"title":"Energising Development - EnDev","description":"EnDev is a strategic partnership that supports access to modern energy services. Likeminded donors, partners, and individuals work together.","robots":{"index":"index","follow":"follow","max-snippet":"max-snippet:-1","max-image-preview":"max-image-preview:large","max-video-preview":"max-video-preview:-1"},"canonical":"https:\/\/endev.info\/fr\/","og_locale":"fr_FR","og_type":"article","og_title":"Energising Development - EnDev","og_description":"EnDev is a strategic partnership that supports access to modern energy services. Likeminded donors, partners, and individuals work together.","og_url":"https:\/\/endev.info\/fr\/","og_site_name":"EnDev","article_modified_time":"2024-12-02T11:33:11+00:00","og_image":[{"width":2560,"height":1707,"url":"https:\/\/endev.info\/wp-content\/uploads\/2020\/07\/GIZ_Dawit-Dagnew_Ethiopia_2016_PicoPV_HH_SNNPR-scaled.jpg","type":"image\/jpeg"}],"twitter_card":"summary_large_image","twitter_image":"https:\/\/endev.info\/wp-content\/uploads\/2020\/07\/GIZ_Dawit-Dagnew_Ethiopia_2016_PicoPV_HH_SNNPR-scaled.jpg","twitter_misc":{"Dur\u00e9e de lecture estim\u00e9e":"2 minutes"},"schema":{"@context":"https:\/\/schema.org","@graph":[{"@type":"WebPage","@id":"https:\/\/endev.info\/fr\/","url":"https:\/\/endev.info\/fr\/","name":"Energising Development - EnDev","isPartOf":{"@id":"https:\/\/endev.info\/#website"},"primaryImageOfPage":{"@id":"https:\/\/endev.info\/fr\/#primaryimage"},"image":{"@id":"https:\/\/endev.info\/fr\/#primaryimage"},"thumbnailUrl":"https:\/\/endev.info\/wp-content\/uploads\/2024\/08\/Bild2.jpg","datePublished":"2023-10-15T09:20:53+00:00","dateModified":"2024-12-02T11:33:11+00:00","description":"EnDev is a strategic partnership that supports access to modern energy services. Likeminded donors, partners, and individuals work together.","breadcrumb":{"@id":"https:\/\/endev.info\/fr\/#breadcrumb"},"inLanguage":"fr-FR","potentialAction":[{"@type":"ReadAction","target":["https:\/\/endev.info\/fr\/"]}]},{"@type":"ImageObject","inLanguage":"fr-FR","@id":"https:\/\/endev.info\/fr\/#primaryimage","url":"https:\/\/endev.info\/wp-content\/uploads\/2024\/08\/Bild2.jpg","contentUrl":"https:\/\/endev.info\/wp-content\/uploads\/2024\/08\/Bild2.jpg","width":1379,"height":918},{"@type":"BreadcrumbList","@id":"https:\/\/endev.info\/fr\/#breadcrumb","itemListElement":[{"@type":"ListItem","position":1,"name":"Home","item":"https:\/\/endev.info\/fr\/"},{"@type":"ListItem","position":2,"name":"Energising Development"}]},{"@type":"WebSite","@id":"https:\/\/endev.info\/#website","url":"https:\/\/endev.info\/","name":"EnDev","description":"","potentialAction":[{"@type":"SearchAction","target":{"@type":"EntryPoint","urlTemplate":"https:\/\/endev.info\/?s={search_term_string}"},"query-input":{"@type":"PropertyValueSpecification","valueRequired":true,"valueName":"search_term_string"}}],"inLanguage":"fr-FR"}]}},"_links":{"self":[{"href":"https:\/\/endev.info\/fr\/wp-json\/wp\/v2\/pages\/17585","targetHints":{"allow":["GET"]}}],"collection":[{"href":"https:\/\/endev.info\/fr\/wp-json\/wp\/v2\/pages"}],"about":[{"href":"https:\/\/endev.info\/fr\/wp-json\/wp\/v2\/types\/page"}],"author":[{"embeddable":true,"href":"https:\/\/endev.info\/fr\/wp-json\/wp\/v2\/users\/3"}],"replies":[{"embeddable":true,"href":"https:\/\/endev.info\/fr\/wp-json\/wp\/v2\/comments?post=17585"}],"version-history":[{"count":2,"href":"https:\/\/endev.info\/fr\/wp-json\/wp\/v2\/pages\/17585\/revisions"}],"predecessor-version":[{"id":17747,"href":"https:\/\/endev.info\/fr\/wp-json\/wp\/v2\/pages\/17585\/revisions\/17747"}],"wp:featuredmedia":[{"embeddable":true,"href":"https:\/\/endev.info\/fr\/wp-json\/wp\/v2\/media\/17381"}],"wp:attachment":[{"href":"https:\/\/endev.info\/fr\/wp-json\/wp\/v2\/media?parent=17585"}],"curies":[{"name":"wp","href":"https:\/\/api.w.org\/{rel}","templated":true}]}}